{"id":4623,"date":"2024-04-22T15:21:57","date_gmt":"2024-04-22T14:21:57","guid":{"rendered":"http:\/\/munya.studio\/contacto\/"},"modified":"2025-03-10T12:56:00","modified_gmt":"2025-03-10T11:56:00","slug":"contacto","status":"publish","type":"page","link":"https:\/\/munya.studio\/de\/contacto\/","title":{"rendered":"Contacto"},"content":{"rendered":"\t\t<div data-elementor-type=\"wp-page\" data-elementor-id=\"4623\" class=\"elementor elementor-4623 elementor-1241\" data-elementor-post-type=\"page\">\n\t\t\t\t<div class=\"elementor-element elementor-element-0be608b e-flex e-con-boxed e-con e-parent\" data-id=\"0be608b\" data-element_type=\"container\" data-e-type=\"container\" data-settings=\"{&quot;background_background&quot;:&quot;classic&quot;}\">\n\t\t\t\t\t<div class=\"e-con-inner\">\n\t\t\t\t<div class=\"elementor-element elementor-element-39c0f7d elementor-widget__width-initial elementor-widget-tablet__width-initial elementor-widget-mobile__width-initial elementor-widget elementor-widget-heading\" data-id=\"39c0f7d\" data-element_type=\"widget\" data-e-type=\"widget\" data-widget_type=\"heading.default\">\n\t\t\t\t<div class=\"elementor-widget-container\">\n\t\t\t\t\t<h2 class=\"elementor-heading-title elementor-size-default\">Lass uns reden<\/h2>\t\t\t\t<\/div>\n\t\t\t\t<\/div>\n\t\t\t\t<div class=\"elementor-element elementor-element-545bfd5 elementor-widget elementor-widget-text-editor\" data-id=\"545bfd5\" data-element_type=\"widget\" data-e-type=\"widget\" data-widget_type=\"text-editor.default\">\n\t\t\t\t<div class=\"elementor-widget-container\">\n\t\t\t\t\t\t\t\t\t<p>\u00a0Im Mittelpunkt von Munya steht das Zuh\u00f6ren und der Dialog mit unseren Kunden. Unser Ziel ist es, ein Projekt zu schaffen, das Ihre Emotionen, Ihren Stil und sogar Ihre Bedenken widerspiegelt.<\/p>\t\t\t\t\t\t\t\t<\/div>\n\t\t\t\t<\/div>\n\t\t\t\t<div class=\"elementor-element elementor-element-dd603a7 elementor-widget__width-initial elementor-widget elementor-widget-image\" data-id=\"dd603a7\" data-element_type=\"widget\" data-e-type=\"widget\" data-widget_type=\"image.default\">\n\t\t\t\t<div class=\"elementor-widget-container\">\n\t\t\t\t\t\t\t\t\t\t\t\t\t\t\t<img loading=\"lazy\" decoding=\"async\" width=\"1000\" height=\"458\" src=\"https:\/\/munya.studio\/wp-content\/uploads\/2024\/10\/2.webp\" class=\"attachment-full size-full wp-image-7947\" alt=\"\" srcset=\"https:\/\/munya.studio\/wp-content\/uploads\/2024\/10\/2.webp 1000w, https:\/\/munya.studio\/wp-content\/uploads\/2024\/10\/2-300x137.webp 300w, https:\/\/munya.studio\/wp-content\/uploads\/2024\/10\/2-768x352.webp 768w\" sizes=\"auto, (max-width: 1000px) 100vw, 1000px\" \/>\t\t\t\t\t\t\t\t\t\t\t\t\t\t\t<\/div>\n\t\t\t\t<\/div>\n\t\t\t\t\t<\/div>\n\t\t\t\t<\/div>\n\t\t<div class=\"elementor-element elementor-element-fa71c70 e-flex e-con-boxed e-con e-parent\" data-id=\"fa71c70\" data-element_type=\"container\" data-e-type=\"container\" data-settings=\"{&quot;background_background&quot;:&quot;classic&quot;}\">\n\t\t\t\t\t<div class=\"e-con-inner\">\n\t\t<div class=\"elementor-element elementor-element-d993e65 e-con-full e-flex elementor-invisible e-con e-child\" data-id=\"d993e65\" data-element_type=\"container\" data-e-type=\"container\" data-settings=\"{&quot;background_background&quot;:&quot;classic&quot;,&quot;animation&quot;:&quot;fadeInLeft&quot;,&quot;animation_tablet&quot;:&quot;fadeIn&quot;}\">\n\t\t<div class=\"elementor-element elementor-element-5ea9709 e-con-full e-flex e-con e-child\" data-id=\"5ea9709\" data-element_type=\"container\" data-e-type=\"container\">\n\t\t\t\t<div class=\"elementor-element elementor-element-17c685e elementor-widget__width-initial elementor-widget elementor-widget-heading\" data-id=\"17c685e\" data-element_type=\"widget\" data-e-type=\"widget\" data-widget_type=\"heading.default\">\n\t\t\t\t<div class=\"elementor-widget-container\">\n\t\t\t\t\t<h2 class=\"elementor-heading-title elementor-size-default\"><b>Kontaktieren <\/b> Sie uns<\/h2>\t\t\t\t<\/div>\n\t\t\t\t<\/div>\n\t\t<div class=\"elementor-element elementor-element-ce0b1c1 e-con-full e-flex e-con e-child\" data-id=\"ce0b1c1\" data-element_type=\"container\" data-e-type=\"container\">\n\t\t<div class=\"elementor-element elementor-element-2362f07 e-con-full e-flex e-con e-child\" data-id=\"2362f07\" data-element_type=\"container\" data-e-type=\"container\">\n\t\t\t\t<div class=\"elementor-element elementor-element-4d96ff9 elementor-widget elementor-widget-heading\" data-id=\"4d96ff9\" data-element_type=\"widget\" data-e-type=\"widget\" data-widget_type=\"heading.default\">\n\t\t\t\t<div class=\"elementor-widget-container\">\n\t\t\t\t\t<h2 class=\"elementor-heading-title elementor-size-default\"><b>Whatsapp<\/b><\/h2>\t\t\t\t<\/div>\n\t\t\t\t<\/div>\n\t\t\t\t<div class=\"elementor-element elementor-element-7054a4d elementor-widget__width-initial elementor-widget-tablet__width-initial elementor-widget-mobile__width-initial a1 elementor-widget elementor-widget-text-editor\" data-id=\"7054a4d\" data-element_type=\"widget\" data-e-type=\"widget\" data-widget_type=\"text-editor.default\">\n\t\t\t\t<div class=\"elementor-widget-container\">\n\t\t\t\t\t\t\t\t\t<p>M\u00f6chten Sie uns lieber \u00fcber WhatsApp kontaktieren?<\/p>\t\t\t\t\t\t\t\t<\/div>\n\t\t\t\t<\/div>\n\t\t\t\t<div class=\"elementor-element elementor-element-731a1ae elementor-widget elementor-widget-button\" data-id=\"731a1ae\" data-element_type=\"widget\" data-e-type=\"widget\" data-widget_type=\"button.default\">\n\t\t\t\t<div class=\"elementor-widget-container\">\n\t\t\t\t\t\t\t\t\t<div class=\"elementor-button-wrapper\">\n\t\t\t\t\t<a class=\"elementor-button elementor-button-link elementor-size-sm\" href=\"https:\/\/wa.me\/34627189309\" target=\"_blank\" rel=\"nofollow noopener\">\n\t\t\t\t\t\t<span class=\"elementor-button-content-wrapper\">\n\t\t\t\t\t\t<span class=\"elementor-button-icon\">\n\t\t\t\t<svg xmlns=\"http:\/\/www.w3.org\/2000\/svg\" id=\"Layer_1\" data-name=\"Layer 1\" viewBox=\"0 0 600 600\"><defs><style>      .cls-1 {        fill: #c5c4c4;        stroke-width: 0px;      }    <\/style><\/defs><path class=\"cls-1\" d=\"M414.82,335.7c-.93-.45-35.82-17.63-42.02-19.86-2.53-.91-5.24-1.8-8.13-1.8-4.71,0-8.67,2.35-11.75,6.96-3.48,5.18-14.03,17.51-17.29,21.19-.43.49-1.01,1.07-1.35,1.07-.31,0-5.71-2.22-7.35-2.93-37.42-16.26-65.83-55.34-69.72-61.94-.56-.95-.58-1.38-.58-1.38.14-.5,1.4-1.76,2.04-2.41,1.9-1.88,3.96-4.36,5.95-6.76.94-1.14,1.89-2.27,2.82-3.34,2.89-3.36,4.18-5.97,5.67-9l.78-1.57c3.64-7.24.53-13.34-.47-15.31-.82-1.65-15.55-37.2-17.12-40.93-3.77-9.01-8.74-13.21-15.66-13.21-.64,0,0,0-2.69.11-3.28.14-21.12,2.49-29.01,7.46-8.37,5.27-22.52,22.09-22.52,51.66,0,26.61,16.89,51.74,24.14,61.29.18.24.51.73.99,1.43,27.77,40.55,62.38,70.6,97.47,84.62,33.78,13.49,49.78,15.05,58.87,15.05h0c3.82,0,6.88-.3,9.58-.57l1.71-.16c11.67-1.03,37.32-14.32,43.15-30.54,4.6-12.77,5.81-26.72,2.75-31.78-2.09-3.44-5.7-5.17-10.27-7.37Z\"><\/path><path class=\"cls-1\" d=\"M304.25,60.75c-129.59,0-235.03,104.64-235.03,233.26,0,41.6,11.13,82.32,32.22,117.96l-40.37,119.07c-.75,2.22-.19,4.67,1.45,6.35,1.19,1.21,2.79,1.86,4.44,1.86.63,0,1.26-.09,1.88-.29l124.16-39.45c33.98,18.15,72.38,27.74,111.24,27.74,129.58,0,235-104.63,235-233.23S433.83,60.75,304.25,60.75ZM304.25,478.65c-36.57,0-71.99-10.56-102.44-30.54-1.02-.67-2.21-1.02-3.41-1.02-.63,0-1.27.1-1.88.29l-62.2,19.77,20.08-59.24c.65-1.92.32-4.03-.87-5.67-23.19-31.68-35.44-69.11-35.44-108.25,0-101.83,83.51-184.67,186.16-184.67s186.14,82.84,186.14,184.67c0,101.81-83.5,184.65-186.14,184.65Z\"><\/path><\/svg>\t\t\t<\/span>\n\t\t\t\t\t\t\t\t\t<span class=\"elementor-button-text\">+34 627 189 309<\/span>\n\t\t\t\t\t<\/span>\n\t\t\t\t\t<\/a>\n\t\t\t\t<\/div>\n\t\t\t\t\t\t\t\t<\/div>\n\t\t\t\t<\/div>\n\t\t\t\t<\/div>\n\t\t<div class=\"elementor-element elementor-element-7392983 e-con-full e-flex e-con e-child\" data-id=\"7392983\" data-element_type=\"container\" data-e-type=\"container\">\n\t\t\t\t<div class=\"elementor-element elementor-element-7056490 elementor-widget elementor-widget-heading\" data-id=\"7056490\" data-element_type=\"widget\" data-e-type=\"widget\" data-widget_type=\"heading.default\">\n\t\t\t\t<div class=\"elementor-widget-container\">\n\t\t\t\t\t<h2 class=\"elementor-heading-title elementor-size-default\"><b>Email<\/b><\/h2>\t\t\t\t<\/div>\n\t\t\t\t<\/div>\n\t\t\t\t<div class=\"elementor-element elementor-element-02a6b46 elementor-widget__width-initial elementor-widget-tablet__width-initial elementor-widget-mobile__width-initial a1 elementor-widget elementor-widget-text-editor\" data-id=\"02a6b46\" data-element_type=\"widget\" data-e-type=\"widget\" data-widget_type=\"text-editor.default\">\n\t\t\t\t<div class=\"elementor-widget-container\">\n\t\t\t\t\t\t\t\t\t<p>Sie k\u00f6nnen uns auch gerne per E-Mail kontaktieren.<\/p>\t\t\t\t\t\t\t\t<\/div>\n\t\t\t\t<\/div>\n\t\t\t\t<div class=\"elementor-element elementor-element-15d9ab5 elementor-widget elementor-widget-button\" data-id=\"15d9ab5\" data-element_type=\"widget\" data-e-type=\"widget\" data-widget_type=\"button.default\">\n\t\t\t\t<div class=\"elementor-widget-container\">\n\t\t\t\t\t\t\t\t\t<div class=\"elementor-button-wrapper\">\n\t\t\t\t\t<a class=\"elementor-button elementor-button-link elementor-size-sm\" href=\"mailto:info@munya.studio\" target=\"_blank\" rel=\"nofollow\">\n\t\t\t\t\t\t<span class=\"elementor-button-content-wrapper\">\n\t\t\t\t\t\t<span class=\"elementor-button-icon\">\n\t\t\t\t<svg xmlns=\"http:\/\/www.w3.org\/2000\/svg\" height=\"48px\" viewBox=\"0 -960 960 960\" width=\"48px\" fill=\"#C5C4C4\"><path d=\"M149-135q-39.05 0-66.53-27.48Q55-189.95 55-229v-502q0-39.46 27.47-67.23Q109.95-826 149-826h662q39.46 0 67.23 27.77Q906-770.46 906-731v502q0 39.05-27.77 66.52Q850.46-135 811-135H149Zm331-295L149-653v424h662v-424L480-430Zm0-83 327-218H154l326 218ZM149-653v-78 502-424Z\"><\/path><\/svg>\t\t\t<\/span>\n\t\t\t\t\t\t\t\t\t<span class=\"elementor-button-text\">info@munya.studio<\/span>\n\t\t\t\t\t<\/span>\n\t\t\t\t\t<\/a>\n\t\t\t\t<\/div>\n\t\t\t\t\t\t\t\t<\/div>\n\t\t\t\t<\/div>\n\t\t\t\t<\/div>\n\t\t\t\t<\/div>\n\t\t\t\t<div class=\"elementor-element elementor-element-26e5349 elementor-widget-divider--view-line elementor-widget elementor-widget-divider\" data-id=\"26e5349\" data-element_type=\"widget\" data-e-type=\"widget\" data-widget_type=\"divider.default\">\n\t\t\t\t<div class=\"elementor-widget-container\">\n\t\t\t\t\t\t\t<div class=\"elementor-divider\">\n\t\t\t<span class=\"elementor-divider-separator\">\n\t\t\t\t\t\t<\/span>\n\t\t<\/div>\n\t\t\t\t\t\t<\/div>\n\t\t\t\t<\/div>\n\t\t\t\t<div class=\"elementor-element elementor-element-3c00a4a elementor-widget elementor-widget-heading\" data-id=\"3c00a4a\" data-element_type=\"widget\" data-e-type=\"widget\" data-widget_type=\"heading.default\">\n\t\t\t\t<div class=\"elementor-widget-container\">\n\t\t\t\t\t<h2 class=\"elementor-heading-title elementor-size-default\">M\u00f6chten Sie uns lieber eine Nachricht hinterlassen?<\/h2>\t\t\t\t<\/div>\n\t\t\t\t<\/div>\n\t\t\t\t<div class=\"elementor-element elementor-element-e89d0c7 elementor-button-align-start elementor-widget elementor-widget-form\" data-id=\"e89d0c7\" data-element_type=\"widget\" data-e-type=\"widget\" data-settings=\"{&quot;step_next_label&quot;:&quot;Siguiente&quot;,&quot;step_previous_label&quot;:&quot;Anterior&quot;,&quot;button_width&quot;:&quot;100&quot;,&quot;step_type&quot;:&quot;number_text&quot;,&quot;step_icon_shape&quot;:&quot;circle&quot;}\" data-widget_type=\"form.default\">\n\t\t\t\t<div class=\"elementor-widget-container\">\n\t\t\t\t\t\t\t<form class=\"elementor-form\" method=\"post\" name=\"Nuevo formulario\" aria-label=\"Nuevo formulario\">\n\t\t\t<input type=\"hidden\" name=\"post_id\" value=\"4623\"\/>\n\t\t\t<input type=\"hidden\" name=\"form_id\" value=\"e89d0c7\"\/>\n\t\t\t<input type=\"hidden\" name=\"referer_title\" value=\"Contacto - Munya Studio\" \/>\n\n\t\t\t\t\t\t\t<input type=\"hidden\" name=\"queried_id\" value=\"4623\"\/>\n\t\t\t\n\t\t\t<div class=\"elementor-form-fields-wrapper elementor-labels-\">\n\t\t\t\t\t\t\t\t<div class=\"elementor-field-type-text elementor-field-group elementor-column elementor-field-group-name elementor-col-50 elementor-field-required\">\n\t\t\t\t\t\t\t\t\t\t\t\t<label for=\"form-field-name\" class=\"elementor-field-label elementor-screen-only\">\n\t\t\t\t\t\t\t\tNombre\t\t\t\t\t\t\t<\/label>\n\t\t\t\t\t\t\t\t\t\t\t\t\t\t<input size=\"1\" type=\"text\" name=\"form_fields[name]\" id=\"form-field-name\" class=\"elementor-field elementor-size-sm  elementor-field-textual\" placeholder=\"Vorname*\" required=\"required\">\n\t\t\t\t\t\t\t\t\t\t\t<\/div>\n\t\t\t\t\t\t\t\t<div class=\"elementor-field-type-text elementor-field-group elementor-column elementor-field-group-field_ce4d7d0 elementor-col-50 elementor-field-required\">\n\t\t\t\t\t\t\t\t\t\t\t\t<label for=\"form-field-field_ce4d7d0\" class=\"elementor-field-label elementor-screen-only\">\n\t\t\t\t\t\t\t\tApellidos\t\t\t\t\t\t\t<\/label>\n\t\t\t\t\t\t\t\t\t\t\t\t\t\t<input size=\"1\" type=\"text\" name=\"form_fields[field_ce4d7d0]\" id=\"form-field-field_ce4d7d0\" class=\"elementor-field elementor-size-sm  elementor-field-textual\" placeholder=\"Nachname*\" required=\"required\">\n\t\t\t\t\t\t\t\t\t\t\t<\/div>\n\t\t\t\t\t\t\t\t<div class=\"elementor-field-type-email elementor-field-group elementor-column elementor-field-group-email elementor-col-50 elementor-field-required\">\n\t\t\t\t\t\t\t\t\t\t\t\t<label for=\"form-field-email\" class=\"elementor-field-label elementor-screen-only\">\n\t\t\t\t\t\t\t\tEmail\t\t\t\t\t\t\t<\/label>\n\t\t\t\t\t\t\t\t\t\t\t\t\t\t<input size=\"1\" type=\"email\" name=\"form_fields[email]\" id=\"form-field-email\" class=\"elementor-field elementor-size-sm  elementor-field-textual\" placeholder=\"Email*\" required=\"required\">\n\t\t\t\t\t\t\t\t\t\t\t<\/div>\n\t\t\t\t\t\t\t\t<div class=\"elementor-field-type-tel elementor-field-group elementor-column elementor-field-group-field_8c64858 elementor-col-50\">\n\t\t\t\t\t\t\t\t\t\t\t\t<label for=\"form-field-field_8c64858\" class=\"elementor-field-label elementor-screen-only\">\n\t\t\t\t\t\t\t\tTel\u00e9fono\t\t\t\t\t\t\t<\/label>\n\t\t\t\t\t\t\t\t<input size=\"1\" type=\"tel\" name=\"form_fields[field_8c64858]\" id=\"form-field-field_8c64858\" class=\"elementor-field elementor-size-sm  elementor-field-textual\" placeholder=\"Telefon\" pattern=\"[0-9()#&amp;+*-=.]+\" title=\"Nur Nummern oder Telefon-Zeichen (#, -, *, etc) werden akzeptiert.\">\n\n\t\t\t\t\t\t<\/div>\n\t\t\t\t\t\t\t\t<div class=\"elementor-field-type-textarea elementor-field-group elementor-column elementor-field-group-message elementor-col-100\">\n\t\t\t\t\t\t\t\t\t\t\t\t<label for=\"form-field-message\" class=\"elementor-field-label elementor-screen-only\">\n\t\t\t\t\t\t\t\tMensaje\t\t\t\t\t\t\t<\/label>\n\t\t\t\t\t\t<textarea class=\"elementor-field-textual elementor-field  elementor-size-sm\" name=\"form_fields[message]\" id=\"form-field-message\" rows=\"4\" placeholder=\"Bitte teilen Sie uns mit, was Sie bewegt. Haben Sie Fragen an uns?\"><\/textarea>\t\t\t\t<\/div>\n\t\t\t\t\t\t\t\t<div class=\"elementor-field-type-acceptance elementor-field-group elementor-column elementor-field-group-field_75db424 elementor-col-100 elementor-field-required\">\n\t\t\t\t\t\t\t\t\t\t\t\t<label for=\"form-field-field_75db424\" class=\"elementor-field-label elementor-screen-only\">\n\t\t\t\t\t\t\t\tPrivacidad\t\t\t\t\t\t\t<\/label>\n\t\t\t\t\t\t\t\t<div class=\"elementor-field-subgroup\">\n\t\t\t<span class=\"elementor-field-option\">\n\t\t\t\t<input type=\"checkbox\" name=\"form_fields[field_75db424]\" id=\"form-field-field_75db424\" class=\"elementor-field elementor-size-sm  elementor-acceptance-field\" required=\"required\">\n\t\t\t\t<label for=\"form-field-field_75db424\">Ich habe die Datenschutzrichtlinie gelesen und akzeptiere sie.<\/label>\t\t\t<\/span>\n\t\t<\/div>\n\t\t\t\t\t\t<\/div>\n\t\t\t\t\t\t\t\t<div class=\"elementor-field-type-recaptcha_v3 elementor-field-group elementor-column elementor-field-group-field_5519c6d elementor-col-100 recaptcha_v3-bottomright\">\n\t\t\t\t\t<div class=\"elementor-field\" id=\"form-field-field_5519c6d\"><div class=\"elementor-g-recaptcha\" data-sitekey=\"6Lffo9IqAAAAAAzRsjzaJumvBcyn8VC_ZpJjPZi-\" data-type=\"v3\" data-action=\"Form\" data-badge=\"bottomright\" data-size=\"invisible\"><\/div><\/div>\t\t\t\t<\/div>\n\t\t\t\t\t\t\t\t<div class=\"elementor-field-group elementor-column elementor-field-type-submit elementor-col-100 e-form__buttons\">\n\t\t\t\t\t<button class=\"elementor-button elementor-size-sm\" type=\"submit\">\n\t\t\t\t\t\t<span class=\"elementor-button-content-wrapper\">\n\t\t\t\t\t\t\t\t\t\t\t\t\t\t\t\t\t\t\t\t\t\t<span class=\"elementor-button-text\">Senden<\/span>\n\t\t\t\t\t\t\t\t\t\t\t\t\t<\/span>\n\t\t\t\t\t<\/button>\n\t\t\t\t<\/div>\n\t\t\t<\/div>\n\t\t<\/form>\n\t\t\t\t\t\t<\/div>\n\t\t\t\t<\/div>\n\t\t\t\t<\/div>\n\t\t\t\t<\/div>\n\t\t<div class=\"elementor-element elementor-element-dee299e e-con-full e-flex elementor-invisible e-con e-child\" data-id=\"dee299e\" data-element_type=\"container\" data-e-type=\"container\" data-settings=\"{&quot;background_background&quot;:&quot;classic&quot;,&quot;animation&quot;:&quot;fadeInRight&quot;,&quot;animation_tablet&quot;:&quot;fadeIn&quot;}\">\n\t\t<div class=\"elementor-element elementor-element-5e1c870 e-con-full e-flex e-con e-child\" data-id=\"5e1c870\" data-element_type=\"container\" data-e-type=\"container\">\n\t\t\t\t<div class=\"elementor-element elementor-element-4676073 elementor-widget elementor-widget-heading\" data-id=\"4676073\" data-element_type=\"widget\" data-e-type=\"widget\" data-widget_type=\"heading.default\">\n\t\t\t\t<div class=\"elementor-widget-container\">\n\t\t\t\t\t<h2 class=\"elementor-heading-title elementor-size-default\"><b>Videotermin<\/b>  <br>vereinbaren<\/h2>\t\t\t\t<\/div>\n\t\t\t\t<\/div>\n\t\t\t\t<div class=\"elementor-element elementor-element-72774a4 elementor-widget-mobile__width-initial elementor-widget-tablet__width-initial elementor-widget elementor-widget-html\" data-id=\"72774a4\" data-element_type=\"widget\" data-e-type=\"widget\" data-widget_type=\"html.default\">\n\t\t\t\t<div class=\"elementor-widget-container\">\n\t\t\t\t\t<!-- Principio del widget integrado de Calendly --> \r\n\r\n<div nowprocket class=\"calendly-inline-widget\" data-url=\"https:\/\/calendly.com\/jorge-moreno-munya\/kennenlerngespraech?hide_event_type_details=1&hide_gdpr_banner=1&background_color=362E2C&text_color=d2c7b6&primary_color=d2c7b6\" style=\"min-width:100%;height:\r\n500px;border-radius:8px;border:0px;\"><\/div> \r\n\r\n<script nowprocket type=\"text\/javascript\" src=\"https:\/\/assets.calendly.com\/assets\/external\/widget.js\" async><\/script> \r\n\r\n<!-- Final del widget integrado de Calendly --> \r\n\r\n \t\t\t\t<\/div>\n\t\t\t\t<\/div>\n\t\t\t\t<\/div>\n\t\t\t\t<\/div>\n\t\t\t\t\t<\/div>\n\t\t\t\t<\/div>\n\t\t\t\t<\/div>\n\t\t","protected":false},"excerpt":{"rendered":"<p>Lass uns reden \u00a0Im Mittelpunkt von Munya steht das Zuh\u00f6ren und der Dialog mit unseren Kunden. Unser Ziel ist es, ein Projekt zu schaffen, das Ihre Emotionen, Ihren Stil und sogar Ihre Bedenken widerspiegelt. Kontaktieren Sie uns Whatsapp M\u00f6chten Sie uns lieber \u00fcber WhatsApp kontaktieren? +34 627 189 309 Email Sie k\u00f6nnen uns auch gerne [&hellip;]<\/p>\n","protected":false},"author":1,"featured_media":0,"parent":0,"menu_order":0,"comment_status":"closed","ping_status":"closed","template":"elementor_header_footer","meta":{"_acf_changed":false,"footnotes":""},"class_list":["post-4623","page","type-page","status-publish","hentry"],"acf":[],"_links":{"self":[{"href":"https:\/\/munya.studio\/de\/wp-json\/wp\/v2\/pages\/4623","targetHints":{"allow":["GET"]}}],"collection":[{"href":"https:\/\/munya.studio\/de\/wp-json\/wp\/v2\/pages"}],"about":[{"href":"https:\/\/munya.studio\/de\/wp-json\/wp\/v2\/types\/page"}],"author":[{"embeddable":true,"href":"https:\/\/munya.studio\/de\/wp-json\/wp\/v2\/users\/1"}],"replies":[{"embeddable":true,"href":"https:\/\/munya.studio\/de\/wp-json\/wp\/v2\/comments?post=4623"}],"version-history":[{"count":0,"href":"https:\/\/munya.studio\/de\/wp-json\/wp\/v2\/pages\/4623\/revisions"}],"wp:attachment":[{"href":"https:\/\/munya.studio\/de\/wp-json\/wp\/v2\/media?parent=4623"}],"curies":[{"name":"wp","href":"https:\/\/api.w.org\/{rel}","templated":true}]}}