{"id":6336,"date":"2024-07-21T09:11:06","date_gmt":"2024-07-21T07:11:06","guid":{"rendered":"http:\/\/munya.studio\/nosotros\/"},"modified":"2026-04-12T16:57:56","modified_gmt":"2026-04-12T14:57:56","slug":"nosotros","status":"publish","type":"page","link":"https:\/\/munya.studio\/de\/nosotros\/","title":{"rendered":"Nosotros"},"content":{"rendered":"\t\t<div data-elementor-type=\"wp-page\" data-elementor-id=\"6336\" class=\"elementor elementor-6336 elementor-6202\" data-elementor-post-type=\"page\">\n\t\t\t\t<div class=\"elementor-element elementor-element-3820305 e-con-full e-flex e-con e-parent\" data-id=\"3820305\" data-element_type=\"container\" data-e-type=\"container\" data-settings=\"{&quot;background_background&quot;:&quot;classic&quot;}\">\n\t\t<div class=\"elementor-element elementor-element-bc0d381 e-con-full e-flex e-con e-child\" data-id=\"bc0d381\" data-element_type=\"container\" data-e-type=\"container\" data-settings=\"{&quot;background_background&quot;:&quot;classic&quot;}\">\n\t\t\t\t<div class=\"elementor-element elementor-element-69c01bf elementor-widget-tablet__width-inherit elementor-widget elementor-widget-heading\" data-id=\"69c01bf\" data-element_type=\"widget\" data-e-type=\"widget\" data-widget_type=\"heading.default\">\n\t\t\t\t<div class=\"elementor-widget-container\">\n\t\t\t\t\t<h1 class=\"elementor-heading-title elementor-size-default\">Lernen Sie uns kennen<\/h1>\t\t\t\t<\/div>\n\t\t\t\t<\/div>\n\t\t\t\t<div class=\"elementor-element elementor-element-5195fbf elementor-widget__width-initial elementor-widget-tablet__width-initial elementor-widget-mobile__width-initial elementor-widget elementor-widget-heading\" data-id=\"5195fbf\" data-element_type=\"widget\" data-e-type=\"widget\" data-widget_type=\"heading.default\">\n\t\t\t\t<div class=\"elementor-widget-container\">\n\t\t\t\t\t<h2 class=\"elementor-heading-title elementor-size-default\">Wo die Grundlagen von Munya Studio liegen<\/h2>\t\t\t\t<\/div>\n\t\t\t\t<\/div>\n\t\t\t\t<\/div>\n\t\t\t\t<\/div>\n\t\t<div class=\"elementor-element elementor-element-5ffba1e e-flex e-con-boxed e-con e-parent\" data-id=\"5ffba1e\" data-element_type=\"container\" data-e-type=\"container\">\n\t\t\t\t\t<div class=\"e-con-inner\">\n\t\t\t\t<div class=\"elementor-element elementor-element-f557ff2 elementor-widget elementor-widget-spacer\" data-id=\"f557ff2\" data-element_type=\"widget\" data-e-type=\"widget\" data-widget_type=\"spacer.default\">\n\t\t\t\t<div class=\"elementor-widget-container\">\n\t\t\t\t\t\t\t<div class=\"elementor-spacer\">\n\t\t\t<div class=\"elementor-spacer-inner\"><\/div>\n\t\t<\/div>\n\t\t\t\t\t\t<\/div>\n\t\t\t\t<\/div>\n\t\t\t\t\t<\/div>\n\t\t\t\t<\/div>\n\t\t<div class=\"elementor-element elementor-element-0fee9f1 e-con-full animated-slow e-flex elementor-invisible e-con e-parent\" data-id=\"0fee9f1\" data-element_type=\"container\" data-e-type=\"container\" data-settings=\"{&quot;animation&quot;:&quot;fadeIn&quot;,&quot;animation_delay&quot;:600}\">\n\t\t\t\t<div class=\"elementor-element elementor-element-4671457 elementor-widget__width-inherit elementor-widget elementor-widget-n-carousel\" data-id=\"4671457\" data-element_type=\"widget\" data-e-type=\"widget\" data-settings=\"{&quot;carousel_items&quot;:[{&quot;slide_title&quot;:&quot;Diapositiva n\\u00ba 1&quot;,&quot;_id&quot;:&quot;5ab1177&quot;},{&quot;slide_title&quot;:&quot;Diapositiva n\\u00ba 2&quot;,&quot;_id&quot;:&quot;6971d05&quot;},{&quot;slide_title&quot;:&quot;Diapositiva n\\u00ba 3&quot;,&quot;_id&quot;:&quot;3534e00&quot;}],&quot;slides_to_show&quot;:&quot;3&quot;,&quot;slides_to_show_mobile&quot;:&quot;2&quot;,&quot;offset_sides&quot;:&quot;both&quot;,&quot;image_spacing_custom&quot;:{&quot;unit&quot;:&quot;px&quot;,&quot;size&quot;:25,&quot;sizes&quot;:[]},&quot;offset_width_mobile&quot;:{&quot;unit&quot;:&quot;px&quot;,&quot;size&quot;:6,&quot;sizes&quot;:[]},&quot;image_spacing_custom_mobile&quot;:{&quot;unit&quot;:&quot;px&quot;,&quot;size&quot;:8,&quot;sizes&quot;:[]},&quot;slides_to_show_tablet&quot;:&quot;2&quot;,&quot;autoplay&quot;:&quot;yes&quot;,&quot;autoplay_speed&quot;:5000,&quot;pause_on_hover&quot;:&quot;yes&quot;,&quot;pause_on_interaction&quot;:&quot;yes&quot;,&quot;infinite&quot;:&quot;yes&quot;,&quot;speed&quot;:500,&quot;offset_width&quot;:{&quot;unit&quot;:&quot;px&quot;,&quot;size&quot;:80,&quot;sizes&quot;:[]},&quot;offset_width_tablet&quot;:{&quot;unit&quot;:&quot;px&quot;,&quot;size&quot;:&quot;&quot;,&quot;sizes&quot;:[]},&quot;image_spacing_custom_tablet&quot;:{&quot;unit&quot;:&quot;px&quot;,&quot;size&quot;:&quot;&quot;,&quot;sizes&quot;:[]}}\" data-widget_type=\"nested-carousel.default\">\n\t\t\t\t<div class=\"elementor-widget-container\">\n\t\t\t\t\t\t\t<div class=\"e-n-carousel swiper\" role=\"region\" aria-roledescription=\"carousel\" aria-label=\"Carrusel\" dir=\"ltr\">\n\t\t\t<div class=\"swiper-wrapper\" aria-live=\"off\">\n\t\t\t\t\t\t\t\t\t\t<div class=\"swiper-slide\" data-slide=\"1\" role=\"group\" aria-roledescription=\"slide\" aria-label=\"1 von 3\">\n\t\t\t\t\t\t\t<div class=\"elementor-element elementor-element-4736d4a e-flex e-con-boxed e-con e-child\" data-id=\"4736d4a\" data-element_type=\"container\" data-e-type=\"container\">\n\t\t\t\t\t<div class=\"e-con-inner\">\n\t\t<div class=\"elementor-element elementor-element-1e6626c e-con-full e-flex e-con e-child\" data-id=\"1e6626c\" data-element_type=\"container\" data-e-type=\"container\" data-settings=\"{&quot;background_background&quot;:&quot;classic&quot;}\">\n\t\t\t\t<div class=\"elementor-element elementor-element-b8fe4d6 elementor-widget elementor-widget-html\" data-id=\"b8fe4d6\" data-element_type=\"widget\" data-e-type=\"widget\" data-widget_type=\"html.default\">\n\t\t\t\t<div class=\"elementor-widget-container\">\n\t\t\t\t\t<div style=\"position: relative; padding-top: 56.25%;\">\r\n  <iframe\r\n    src=\"https:\/\/customer-kdoposyov9b983l6.cloudflarestream.com\/45dce49ca77268f0583a9c4f39613efb\/iframe?muted=true&preload=true&loop=true&autoplay=true&poster=https%3A%2F%2Fcustomer-kdoposyov9b983l6.cloudflarestream.com%2F45dce49ca77268f0583a9c4f39613efb%2Fthumbnails%2Fthumbnail.jpg%3Ftime%3D%26height%3D600&startTime=0h10m0s&controls=false\"\r\n    loading=\"lazy\"\r\n    style=\"border: none; position: absolute; top: 0; left: 0; height: 100%; width: 100%; border-radius:20px;\"\r\n    allow=\"accelerometer; gyroscope; autoplay; encrypted-media; picture-in-picture;\"\r\n    allowfullscreen=\"true\"\r\n  ><\/iframe>\r\n<\/div>\t\t\t\t<\/div>\n\t\t\t\t<\/div>\n\t\t\t\t<\/div>\n\t\t\t\t\t<\/div>\n\t\t\t\t<\/div>\n\t\t\t\t\t\t\t\t<\/div>\n\t\t\t\t\t\t\t\t\t\t\t<div class=\"swiper-slide\" data-slide=\"2\" role=\"group\" aria-roledescription=\"slide\" aria-label=\"2 von 3\">\n\t\t\t\t\t\t\t<div class=\"elementor-element elementor-element-fbbdf3f e-flex e-con-boxed e-con e-child\" data-id=\"fbbdf3f\" data-element_type=\"container\" data-e-type=\"container\">\n\t\t\t\t\t<div class=\"e-con-inner\">\n\t\t<div class=\"elementor-element elementor-element-77c0a69 e-con-full e-flex e-con e-child\" data-id=\"77c0a69\" data-element_type=\"container\" data-e-type=\"container\" data-settings=\"{&quot;background_background&quot;:&quot;classic&quot;}\">\n\t\t\t\t<div class=\"elementor-element elementor-element-2f2f87a elementor-widget elementor-widget-html\" data-id=\"2f2f87a\" data-element_type=\"widget\" data-e-type=\"widget\" data-widget_type=\"html.default\">\n\t\t\t\t<div class=\"elementor-widget-container\">\n\t\t\t\t\t<div style=\"position: relative; padding-top: 56.25%;\">\r\n  <iframe\r\n    src=\"https:\/\/customer-kdoposyov9b983l6.cloudflarestream.com\/3df7aabec19bf8395a1f3c969e41882e\/iframe?muted=true&preload=true&loop=true&autoplay=true&poster=https%3A%2F%2Fcustomer-kdoposyov9b983l6.cloudflarestream.com%2F3df7aabec19bf8395a1f3c969e41882e%2Fthumbnails%2Fthumbnail.jpg%3Ftime%3D%26height%3D600&controls=false\"\r\n    loading=\"lazy\"\r\n    style=\"border: none; position: absolute; top: 0; left: 0; height: 100%; width: 100%; border-radius:20px;\"\r\n    allow=\"accelerometer; gyroscope; autoplay; encrypted-media; picture-in-picture;\"\r\n    allowfullscreen=\"true\"\r\n  ><\/iframe>\r\n<\/div>\t\t\t\t<\/div>\n\t\t\t\t<\/div>\n\t\t\t\t<\/div>\n\t\t\t\t\t<\/div>\n\t\t\t\t<\/div>\n\t\t\t\t\t\t\t\t<\/div>\n\t\t\t\t\t\t\t\t\t\t\t<div class=\"swiper-slide\" data-slide=\"3\" role=\"group\" aria-roledescription=\"slide\" aria-label=\"3 von 3\">\n\t\t\t\t\t\t\t<div class=\"elementor-element elementor-element-1b67d94 e-flex e-con-boxed e-con e-child\" data-id=\"1b67d94\" data-element_type=\"container\" data-e-type=\"container\">\n\t\t\t\t\t<div class=\"e-con-inner\">\n\t\t<div class=\"elementor-element elementor-element-d17ade7 e-con-full e-flex e-con e-child\" data-id=\"d17ade7\" data-element_type=\"container\" data-e-type=\"container\" data-settings=\"{&quot;background_background&quot;:&quot;classic&quot;}\">\n\t\t\t\t<div class=\"elementor-element elementor-element-3b9ddba elementor-widget elementor-widget-html\" data-id=\"3b9ddba\" data-element_type=\"widget\" data-e-type=\"widget\" data-widget_type=\"html.default\">\n\t\t\t\t<div class=\"elementor-widget-container\">\n\t\t\t\t\t<div style=\"position: relative; padding-top: 56.25%;\">\r\n  <iframe\r\n    src=\"https:\/\/customer-kdoposyov9b983l6.cloudflarestream.com\/f467e724cd9dd113b4f7cfaf6427b976\/iframe?muted=true&preload=true&loop=true&autoplay=true&poster=https%3A%2F%2Fcustomer-kdoposyov9b983l6.cloudflarestream.com%2Ff467e724cd9dd113b4f7cfaf6427b976%2Fthumbnails%2Fthumbnail.jpg%3Ftime%3D%26height%3D600&controls=false\"\r\n    loading=\"lazy\"\r\n    style=\"border: none; position: absolute; top: 0; left: 0; height: 100%; width: 100%; border-radius:20px;\"\r\n    allow=\"accelerometer; gyroscope; autoplay; encrypted-media; picture-in-picture;\"\r\n    allowfullscreen=\"true\"\r\n  ><\/iframe>\r\n<\/div>\t\t\t\t<\/div>\n\t\t\t\t<\/div>\n\t\t\t\t<\/div>\n\t\t\t\t\t<\/div>\n\t\t\t\t<\/div>\n\t\t\t\t\t\t\t\t<\/div>\n\t\t\t\t\t\t\t\t<\/div>\n\t\t<\/div>\n\t\t\t\t\t\t<\/div>\n\t\t\t\t<\/div>\n\t\t\t\t<\/div>\n\t\t<div class=\"elementor-element elementor-element-e96f381 e-flex e-con-boxed e-con e-parent\" data-id=\"e96f381\" data-element_type=\"container\" data-e-type=\"container\">\n\t\t\t\t\t<div class=\"e-con-inner\">\n\t\t\t\t<div class=\"elementor-element elementor-element-c455d11 elementor-widget elementor-widget-spacer\" data-id=\"c455d11\" data-element_type=\"widget\" data-e-type=\"widget\" data-widget_type=\"spacer.default\">\n\t\t\t\t<div class=\"elementor-widget-container\">\n\t\t\t\t\t\t\t<div class=\"elementor-spacer\">\n\t\t\t<div class=\"elementor-spacer-inner\"><\/div>\n\t\t<\/div>\n\t\t\t\t\t\t<\/div>\n\t\t\t\t<\/div>\n\t\t\t\t\t<\/div>\n\t\t\t\t<\/div>\n\t\t<div class=\"elementor-element elementor-element-e1e2d3b e-flex e-con-boxed e-con e-parent\" data-id=\"e1e2d3b\" data-element_type=\"container\" data-e-type=\"container\" data-settings=\"{&quot;background_background&quot;:&quot;classic&quot;}\">\n\t\t\t\t\t<div class=\"e-con-inner\">\n\t\t\t\t<div class=\"elementor-element elementor-element-4636dd4 elementor-widget__width-initial elementor-widget-tablet__width-initial elementor-widget-mobile__width-initial elementor-widget elementor-widget-heading\" data-id=\"4636dd4\" data-element_type=\"widget\" data-e-type=\"widget\" data-widget_type=\"heading.default\">\n\t\t\t\t<div class=\"elementor-widget-container\">\n\t\t\t\t\t<h2 class=\"elementor-heading-title elementor-size-default\">El equipo<\/h2>\t\t\t\t<\/div>\n\t\t\t\t<\/div>\n\t\t\t\t\t<\/div>\n\t\t\t\t<\/div>\n\t\t<div class=\"elementor-element elementor-element-93ead30 e-flex e-con-boxed e-con e-parent\" data-id=\"93ead30\" data-element_type=\"container\" data-e-type=\"container\" data-settings=\"{&quot;background_background&quot;:&quot;classic&quot;}\">\n\t\t\t\t\t<div class=\"e-con-inner\">\n\t\t<div class=\"elementor-element elementor-element-434d4f1 e-con-full e-flex elementor-invisible e-con e-child\" data-id=\"434d4f1\" data-element_type=\"container\" data-e-type=\"container\" data-settings=\"{&quot;animation&quot;:&quot;fadeInLeft&quot;}\">\n\t\t<div class=\"elementor-element elementor-element-1768556 animated-fast e-con-full e-flex elementor-invisible e-con e-child\" data-id=\"1768556\" data-element_type=\"container\" data-e-type=\"container\" data-settings=\"{&quot;background_background&quot;:&quot;classic&quot;,&quot;animation&quot;:&quot;fadeIn&quot;,&quot;animation_delay&quot;:400,&quot;motion_fx_motion_fx_scrolling&quot;:&quot;yes&quot;,&quot;motion_fx_translateY_effect&quot;:&quot;yes&quot;,&quot;motion_fx_translateY_speed&quot;:{&quot;unit&quot;:&quot;px&quot;,&quot;size&quot;:0.7,&quot;sizes&quot;:[]},&quot;motion_fx_translateY_affectedRange&quot;:{&quot;unit&quot;:&quot;%&quot;,&quot;size&quot;:&quot;&quot;,&quot;sizes&quot;:{&quot;start&quot;:0,&quot;end&quot;:100}},&quot;motion_fx_devices&quot;:[&quot;desktop&quot;,&quot;tablet&quot;,&quot;mobile&quot;]}\">\n\t\t\t\t<div class=\"elementor-element elementor-element-629fac6 elementor-invisible elementor-widget elementor-widget-heading\" data-id=\"629fac6\" data-element_type=\"widget\" data-e-type=\"widget\" data-settings=\"{&quot;_animation&quot;:&quot;fadeIn&quot;,&quot;_animation_delay&quot;:700}\" data-widget_type=\"heading.default\">\n\t\t\t\t<div class=\"elementor-widget-container\">\n\t\t\t\t\t<h2 class=\"elementor-heading-title elementor-size-default\">\u00c1ngela<\/h2>\t\t\t\t<\/div>\n\t\t\t\t<\/div>\n\t\t\t\t<div class=\"elementor-element elementor-element-31ecba8 elementor-widget__width-initial elementor-widget-tablet__width-initial elementor-widget-mobile__width-initial a1 elementor-widget elementor-widget-text-editor\" data-id=\"31ecba8\" data-element_type=\"widget\" data-e-type=\"widget\" data-widget_type=\"text-editor.default\">\n\t\t\t\t<div class=\"elementor-widget-container\">\n\t\t\t\t\t\t\t\t\t<p>\u00a0Sie ist der strukturierte Kopf hinter Munya, diejenige, die <b>Ideen in die Realit\u00e4t umsetzt<\/b>. Von Machbarkeitsstudien bis zur Entwicklung architektonischer und gestalterischer Vorschl\u00e4ge sorgt \u00c1ngela daf\u00fcr, dass jedes Projekt minuti\u00f6s geplant ist.<\/p><p>Inneneinrichtung erm\u00f6glicht es ihr, <b>technische Pr\u00e4zision mit Kreativit\u00e4t zu verbinden<\/b>, um sicherzustellen, dass <b>jedes Projekt die Erwartungen derjenigen erf\u00fcllt, die es genie\u00dfen werden<\/b>. Zu entdecken, wie jeder Mensch R\u00e4ume anders erlebt, neue Bed\u00fcrfnisse zu erkennen und L\u00f6sungen daf\u00fcr zu finden.<\/p><p><b>Konzentriert auf Details, Empathie und die Schaffung bedeutungsvoller Erfahrungen<\/b> f\u00fcr die Menschen, die die R\u00e4ume nutzen werden. Immer bestrebt, \u00fcber das Offensichtliche hinauszusehen und dem Konventionellen eine neue Wendung zu geben.<\/p>\t\t\t\t\t\t\t\t<\/div>\n\t\t\t\t<\/div>\n\t\t\t\t<\/div>\n\t\t\t\t<\/div>\n\t\t<div class=\"elementor-element elementor-element-2b196c2 e-con-full e-flex elementor-invisible e-con e-child\" data-id=\"2b196c2\" data-element_type=\"container\" data-e-type=\"container\" data-settings=\"{&quot;animation&quot;:&quot;fadeInRight&quot;}\">\n\t\t\t\t<div class=\"elementor-element elementor-element-e30462b elementor-widget elementor-widget-image\" data-id=\"e30462b\" data-element_type=\"widget\" data-e-type=\"widget\" data-settings=\"{&quot;motion_fx_motion_fx_scrolling&quot;:&quot;yes&quot;,&quot;motion_fx_translateY_effect&quot;:&quot;yes&quot;,&quot;motion_fx_translateY_speed&quot;:{&quot;unit&quot;:&quot;px&quot;,&quot;size&quot;:0.2,&quot;sizes&quot;:[]},&quot;motion_fx_range&quot;:&quot;page&quot;,&quot;motion_fx_translateY_direction&quot;:&quot;negative&quot;,&quot;motion_fx_translateY_affectedRange&quot;:{&quot;unit&quot;:&quot;%&quot;,&quot;size&quot;:&quot;&quot;,&quot;sizes&quot;:{&quot;start&quot;:0,&quot;end&quot;:100}},&quot;motion_fx_devices&quot;:[&quot;desktop&quot;,&quot;tablet&quot;,&quot;mobile&quot;]}\" data-widget_type=\"image.default\">\n\t\t\t\t<div class=\"elementor-widget-container\">\n\t\t\t\t\t\t\t\t\t\t\t\t\t\t\t<img loading=\"lazy\" decoding=\"async\" width=\"2762\" height=\"4143\" src=\"https:\/\/munya.studio\/wp-content\/uploads\/2024\/07\/Munya_37.webp\" class=\"attachment-full size-full wp-image-6293\" alt=\"\" srcset=\"https:\/\/munya.studio\/wp-content\/uploads\/2024\/07\/Munya_37.webp 2762w, https:\/\/munya.studio\/wp-content\/uploads\/2024\/07\/Munya_37-200x300.webp 200w, https:\/\/munya.studio\/wp-content\/uploads\/2024\/07\/Munya_37-683x1024.webp 683w, https:\/\/munya.studio\/wp-content\/uploads\/2024\/07\/Munya_37-768x1152.webp 768w, https:\/\/munya.studio\/wp-content\/uploads\/2024\/07\/Munya_37-1024x1536.webp 1024w, https:\/\/munya.studio\/wp-content\/uploads\/2024\/07\/Munya_37-1365x2048.webp 1365w\" sizes=\"auto, (max-width: 2762px) 100vw, 2762px\" \/>\t\t\t\t\t\t\t\t\t\t\t\t\t\t\t<\/div>\n\t\t\t\t<\/div>\n\t\t\t\t<\/div>\n\t\t\t\t\t<\/div>\n\t\t\t\t<\/div>\n\t\t<div class=\"elementor-element elementor-element-1b8ee56 e-flex e-con-boxed e-con e-parent\" data-id=\"1b8ee56\" data-element_type=\"container\" data-e-type=\"container\" data-settings=\"{&quot;background_background&quot;:&quot;classic&quot;}\">\n\t\t\t\t\t<div class=\"e-con-inner\">\n\t\t<div class=\"elementor-element elementor-element-b5b0e42 e-con-full e-flex elementor-invisible e-con e-child\" data-id=\"b5b0e42\" data-element_type=\"container\" data-e-type=\"container\" data-settings=\"{&quot;animation&quot;:&quot;fadeInLeft&quot;}\">\n\t\t\t\t<div class=\"elementor-element elementor-element-26c0871 elementor-widget elementor-widget-image\" data-id=\"26c0871\" data-element_type=\"widget\" data-e-type=\"widget\" data-settings=\"{&quot;motion_fx_motion_fx_scrolling&quot;:&quot;yes&quot;,&quot;motion_fx_translateY_effect&quot;:&quot;yes&quot;,&quot;motion_fx_translateY_speed&quot;:{&quot;unit&quot;:&quot;px&quot;,&quot;size&quot;:0.2,&quot;sizes&quot;:[]},&quot;motion_fx_range&quot;:&quot;page&quot;,&quot;motion_fx_translateY_direction&quot;:&quot;negative&quot;,&quot;motion_fx_translateY_affectedRange&quot;:{&quot;unit&quot;:&quot;%&quot;,&quot;size&quot;:&quot;&quot;,&quot;sizes&quot;:{&quot;start&quot;:0,&quot;end&quot;:100}},&quot;motion_fx_devices&quot;:[&quot;desktop&quot;,&quot;tablet&quot;,&quot;mobile&quot;]}\" data-widget_type=\"image.default\">\n\t\t\t\t<div class=\"elementor-widget-container\">\n\t\t\t\t\t\t\t\t\t\t\t\t\t\t\t<img loading=\"lazy\" decoding=\"async\" width=\"2892\" height=\"4338\" src=\"https:\/\/munya.studio\/wp-content\/uploads\/2024\/07\/Munya_55.webp\" class=\"attachment-full size-full wp-image-6296\" alt=\"\" srcset=\"https:\/\/munya.studio\/wp-content\/uploads\/2024\/07\/Munya_55.webp 2892w, https:\/\/munya.studio\/wp-content\/uploads\/2024\/07\/Munya_55-200x300.webp 200w, https:\/\/munya.studio\/wp-content\/uploads\/2024\/07\/Munya_55-683x1024.webp 683w, https:\/\/munya.studio\/wp-content\/uploads\/2024\/07\/Munya_55-768x1152.webp 768w, https:\/\/munya.studio\/wp-content\/uploads\/2024\/07\/Munya_55-1024x1536.webp 1024w, https:\/\/munya.studio\/wp-content\/uploads\/2024\/07\/Munya_55-1365x2048.webp 1365w\" sizes=\"auto, (max-width: 2892px) 100vw, 2892px\" \/>\t\t\t\t\t\t\t\t\t\t\t\t\t\t\t<\/div>\n\t\t\t\t<\/div>\n\t\t\t\t<\/div>\n\t\t<div class=\"elementor-element elementor-element-3436114 e-con-full e-flex elementor-invisible e-con e-child\" data-id=\"3436114\" data-element_type=\"container\" data-e-type=\"container\" data-settings=\"{&quot;animation&quot;:&quot;fadeInRight&quot;}\">\n\t\t<div class=\"elementor-element elementor-element-e529bde animated-fast e-con-full e-flex elementor-invisible e-con e-child\" data-id=\"e529bde\" data-element_type=\"container\" data-e-type=\"container\" data-settings=\"{&quot;background_background&quot;:&quot;classic&quot;,&quot;animation&quot;:&quot;fadeIn&quot;,&quot;animation_delay&quot;:400,&quot;motion_fx_motion_fx_scrolling&quot;:&quot;yes&quot;,&quot;motion_fx_translateY_effect&quot;:&quot;yes&quot;,&quot;motion_fx_translateY_speed&quot;:{&quot;unit&quot;:&quot;px&quot;,&quot;size&quot;:0.7,&quot;sizes&quot;:[]},&quot;motion_fx_translateY_affectedRange&quot;:{&quot;unit&quot;:&quot;%&quot;,&quot;size&quot;:&quot;&quot;,&quot;sizes&quot;:{&quot;start&quot;:0,&quot;end&quot;:100}},&quot;motion_fx_devices&quot;:[&quot;desktop&quot;,&quot;tablet&quot;,&quot;mobile&quot;]}\">\n\t\t\t\t<div class=\"elementor-element elementor-element-71f22f4 elementor-invisible elementor-widget elementor-widget-heading\" data-id=\"71f22f4\" data-element_type=\"widget\" data-e-type=\"widget\" data-settings=\"{&quot;_animation&quot;:&quot;fadeIn&quot;,&quot;_animation_delay&quot;:700}\" data-widget_type=\"heading.default\">\n\t\t\t\t<div class=\"elementor-widget-container\">\n\t\t\t\t\t<h2 class=\"elementor-heading-title elementor-size-default\">Jorge<\/h2>\t\t\t\t<\/div>\n\t\t\t\t<\/div>\n\t\t\t\t<div class=\"elementor-element elementor-element-39f4235 elementor-widget__width-initial elementor-widget-tablet__width-initial elementor-widget-mobile__width-initial a1 elementor-widget elementor-widget-text-editor\" data-id=\"39f4235\" data-element_type=\"widget\" data-e-type=\"widget\" data-widget_type=\"text-editor.default\">\n\t\t\t\t<div class=\"elementor-widget-container\">\n\t\t\t\t\t\t\t\t\t<p>\u00a0Jorge hat als Direktor f\u00fcr Management und Verwaltung eine entscheidende Rolle, um sicherzustellen, dass <b>jedes Projekt reibungslos und effizient abl\u00e4uft<\/b>.<\/p><p>Es fasziniert ihn, die Entwicklung eines Projekts zu verfolgen \u2013 vom anf\u00e4nglichen Chaos bis zur endg\u00fcltigen Harmonie \u2013 und dabei die Gesetze der Thermodynamik in der Schaffung ansprechender und funktionaler R\u00e4ume widerzuspiegeln. Seine F\u00e4higkeit, <b>komplexe Herausforderungen zu zerlegen, Projekte zu managen und einen multidisziplin\u00e4ren Ansatz zu f\u00f6rdern<\/b>, f\u00fchrt zur Schaffung einzigartiger R\u00e4ume.<\/p><p>Sein Ansatz im Interior Design basiert auf Effizienz, <b>Pragmatismus und detaillierter Planung, immer auf der Suche nach L\u00f6sungen<\/b>.<br \/>Er f\u00f6rdert Kreativit\u00e4t, indem er Zeit und Raum f\u00fcr den Fluss von Ideen gibt und Inspiration in einer guten Tasse Kaffee und Hintergrundmusik findet. Er tr\u00e4gt zum Wachstum von Munya bei, indem er effiziente Managementprozesse etabliert, neue Technologien implementiert und sicherstellt, dass Munya f\u00fcr Effizienz, Exklusivit\u00e4t und Professionalit\u00e4t steht.<\/p>\t\t\t\t\t\t\t\t<\/div>\n\t\t\t\t<\/div>\n\t\t\t\t<\/div>\n\t\t\t\t<\/div>\n\t\t\t\t\t<\/div>\n\t\t\t\t<\/div>\n\t\t\t\t<\/div>\n\t\t","protected":false},"excerpt":{"rendered":"<p>Lernen Sie uns kennen Wo die Grundlagen von Munya Studio liegen El equipo \u00c1ngela \u00a0Sie ist der strukturierte Kopf hinter Munya, diejenige, die Ideen in die Realit\u00e4t umsetzt. Von Machbarkeitsstudien bis zur Entwicklung architektonischer und gestalterischer Vorschl\u00e4ge sorgt \u00c1ngela daf\u00fcr, dass jedes Projekt minuti\u00f6s geplant ist. Inneneinrichtung erm\u00f6glicht es ihr, technische Pr\u00e4zision mit Kreativit\u00e4t zu [&hellip;]<\/p>\n","protected":false},"author":1,"featured_media":0,"parent":0,"menu_order":0,"comment_status":"closed","ping_status":"closed","template":"elementor_header_footer","meta":{"_acf_changed":false,"footnotes":""},"class_list":["post-6336","page","type-page","status-publish","hentry"],"acf":[],"_links":{"self":[{"href":"https:\/\/munya.studio\/de\/wp-json\/wp\/v2\/pages\/6336","targetHints":{"allow":["GET"]}}],"collection":[{"href":"https:\/\/munya.studio\/de\/wp-json\/wp\/v2\/pages"}],"about":[{"href":"https:\/\/munya.studio\/de\/wp-json\/wp\/v2\/types\/page"}],"author":[{"embeddable":true,"href":"https:\/\/munya.studio\/de\/wp-json\/wp\/v2\/users\/1"}],"replies":[{"embeddable":true,"href":"https:\/\/munya.studio\/de\/wp-json\/wp\/v2\/comments?post=6336"}],"version-history":[{"count":3,"href":"https:\/\/munya.studio\/de\/wp-json\/wp\/v2\/pages\/6336\/revisions"}],"predecessor-version":[{"id":21225,"href":"https:\/\/munya.studio\/de\/wp-json\/wp\/v2\/pages\/6336\/revisions\/21225"}],"wp:attachment":[{"href":"https:\/\/munya.studio\/de\/wp-json\/wp\/v2\/media?parent=6336"}],"curies":[{"name":"wp","href":"https:\/\/api.w.org\/{rel}","templated":true}]}}