{"id":687,"date":"2024-03-18T19:43:19","date_gmt":"2024-03-18T19:43:19","guid":{"rendered":"http:\/\/munya.studio\/politica-de-cookies\/"},"modified":"2024-03-18T20:06:19","modified_gmt":"2024-03-18T20:06:19","slug":"cookies-politik","status":"publish","type":"page","link":"https:\/\/munya.studio\/de\/cookies-politik\/","title":{"rendered":"Cookies-Politik"},"content":{"rendered":"\t\t<div data-elementor-type=\"wp-page\" data-elementor-id=\"687\" class=\"elementor elementor-687 elementor-670\" data-elementor-post-type=\"page\">\n\t\t\t\t<div class=\"elementor-element elementor-element-509d8b6 e-con-full e-flex e-con e-parent\" data-id=\"509d8b6\" data-element_type=\"container\" data-e-type=\"container\">\n\t\t\t\t<div class=\"elementor-element elementor-element-ca52555 elementor-widget elementor-widget-text-editor\" data-id=\"ca52555\" data-element_type=\"widget\" data-e-type=\"widget\" data-widget_type=\"text-editor.default\">\n\t\t\t\t<div class=\"elementor-widget-container\">\n\t\t\t\t\t\t\t\t\t<h1>Cookie-Richtlinie von Munya Studio<\/h1><p><strong>Letzte Aktualisierung: 18. M\u00e4rz 2024<\/strong><\/p><p>Bei Munya Studio (&#8222;wir&#8220;, &#8222;uns&#8220; oder &#8222;unser&#8220;), befindlich unter <a href=\"https:\/\/munya.studio\/\" target=\"_new\">munya.studio<\/a>, verwenden wir Cookies und \u00e4hnliche Technologien, um Ihre Erfahrung auf unserer Website zu verbessern, zu verstehen, wie Sie sie nutzen, und um Ihnen Anzeigen zu zeigen, die relevant f\u00fcr Ihre Interessen sein k\u00f6nnten. Diese Richtlinie erkl\u00e4rt, was Cookies sind, wie wir sie auf unserer Website verwenden und wie Sie Ihre Rechte zur Steuerung unseres Gebrauchs davon aus\u00fcben k\u00f6nnen.<\/p><h2>Was sind Cookies?<\/h2><p>Cookies sind kleine Textdateien, die von Websites auf Ihrem Computer oder Mobilger\u00e4t abgelegt werden, w\u00e4hrend Sie im Internet surfen. Sie erm\u00f6glichen es der Website, Ihre Aktionen und Vorlieben (wie Anmeldeinformationen, Sprache, Schriftgr\u00f6\u00dfe und andere Anzeigeeinstellungen) f\u00fcr einen bestimmten Zeitraum zu speichern, sodass Sie sie nicht jedes Mal erneut eingeben m\u00fcssen, wenn Sie zur Website zur\u00fcckkehren oder von einer Seite zur anderen navigieren.<\/p><h2>Wie verwenden wir Cookies?<\/h2><h3>Essenzielle Cookies<\/h3><p>Diese Cookies sind notwendig, um Ihnen die auf unserer Website verf\u00fcgbaren Dienste zur Verf\u00fcgung zu stellen und einige ihrer Funktionen zu nutzen, wie den Zugang zu sicheren Bereichen.<\/p><h3>Analysierende Cookies<\/h3><p>Diese Cookies werden verwendet, um Informationen \u00fcber den Traffic auf unserer Website und wie die Nutzer sie nutzen, zu sammeln. Die gesammelten Informationen identifizieren keinen Besucher individuell und werden aggregiert dargestellt. Sie umfassen die Anzahl von Besuchern auf der Website, die von ihnen besuchten Seiten und woher sie kamen.<\/p><h3>Funktionscookies<\/h3><p>Diese Cookies erm\u00f6glichen es unserer Website, sich an von Ihnen getroffene Entscheidungen zu erinnern (wie Ihren Benutzernamen, Ihre Sprache oder die Region, in der Sie sich befinden) und bieten erweiterte, pers\u00f6nlichere Funktionen.<\/p><h3>Werbe-Cookies<\/h3><p>Diese Cookies werden verwendet, um Anzeigen f\u00fcr Sie relevanter zu machen. Sie f\u00fchren Funktionen wie die Verhinderung desselben wiederholten Anzeigens, die Sicherstellung, dass Anzeigen korrekt f\u00fcr Werbetreibende angezeigt werden, und in einigen F\u00e4llen das Ausw\u00e4hlen von Anzeigen, die auf Ihren Interessen basieren, aus.<\/p><h2>Steuerung von Cookies<\/h2><p>Sie k\u00f6nnen Cookies kontrollieren und\/oder l\u00f6schen, wie Sie m\u00f6chten. Sie k\u00f6nnen alle auf Ihrem Computer vorhandenen Cookies l\u00f6schen und die meisten Browser so einstellen, dass neue Cookies nicht platziert werden. Wenn Sie dies jedoch tun, m\u00fcssen Sie m\u00f6glicherweise manuell einige Einstellungen jedes Mal anpassen, wenn Sie eine Website besuchen, und einige Dienste und Funktionen funktionieren m\u00f6glicherweise nicht.<\/p><h2>Einwilligung in Cookies<\/h2><p>Durch die Nutzung unserer Website stimmen Sie der Verwendung von Cookies gem\u00e4\u00df dieser Cookie-Richtlinie zu. Wenn Sie mit unserer Cookie-Richtlinie nicht einverstanden sind, deaktivieren Sie bitte Cookies, indem Sie den Anweisungen Ihres Browsers folgen oder h\u00f6ren Sie auf, unsere Website zu nutzen.<\/p><h2>Kontakt<\/h2><p>Wenn Sie Fragen zu unserer Verwendung von Cookies oder dieser Cookie-Richtlinie haben, kontaktieren Sie uns bitte unter: info@munya.studio<\/p>\t\t\t\t\t\t\t\t<\/div>\n\t\t\t\t<\/div>\n\t\t\t\t<\/div>\n\t\t\t\t<\/div>\n\t\t","protected":false},"excerpt":{"rendered":"<p>Cookie-Richtlinie von Munya Studio Letzte Aktualisierung: 18. M\u00e4rz 2024 Bei Munya Studio (&#8222;wir&#8220;, &#8222;uns&#8220; oder &#8222;unser&#8220;), befindlich unter munya.studio, verwenden wir Cookies und \u00e4hnliche Technologien, um Ihre Erfahrung auf unserer Website zu verbessern, zu verstehen, wie Sie sie nutzen, und um Ihnen Anzeigen zu zeigen, die relevant f\u00fcr Ihre Interessen sein k\u00f6nnten. Diese Richtlinie erkl\u00e4rt, [&hellip;]<\/p>\n","protected":false},"author":1,"featured_media":0,"parent":0,"menu_order":0,"comment_status":"closed","ping_status":"closed","template":"elementor_header_footer","meta":{"_acf_changed":false,"footnotes":""},"class_list":["post-687","page","type-page","status-publish","hentry"],"acf":[],"_links":{"self":[{"href":"https:\/\/munya.studio\/de\/wp-json\/wp\/v2\/pages\/687","targetHints":{"allow":["GET"]}}],"collection":[{"href":"https:\/\/munya.studio\/de\/wp-json\/wp\/v2\/pages"}],"about":[{"href":"https:\/\/munya.studio\/de\/wp-json\/wp\/v2\/types\/page"}],"author":[{"embeddable":true,"href":"https:\/\/munya.studio\/de\/wp-json\/wp\/v2\/users\/1"}],"replies":[{"embeddable":true,"href":"https:\/\/munya.studio\/de\/wp-json\/wp\/v2\/comments?post=687"}],"version-history":[{"count":0,"href":"https:\/\/munya.studio\/de\/wp-json\/wp\/v2\/pages\/687\/revisions"}],"wp:attachment":[{"href":"https:\/\/munya.studio\/de\/wp-json\/wp\/v2\/media?parent=687"}],"curies":[{"name":"wp","href":"https:\/\/api.w.org\/{rel}","templated":true}]}}