{"id":689,"date":"2024-03-18T19:36:31","date_gmt":"2024-03-18T19:36:31","guid":{"rendered":"http:\/\/munya.studio\/politica-de-privacidad\/"},"modified":"2024-03-18T20:06:52","modified_gmt":"2024-03-18T20:06:52","slug":"datenschutzbestimmungen","status":"publish","type":"page","link":"https:\/\/munya.studio\/de\/datenschutzbestimmungen\/","title":{"rendered":"Datenschutzbestimmungen"},"content":{"rendered":"\t\t<div data-elementor-type=\"wp-page\" data-elementor-id=\"689\" class=\"elementor elementor-689 elementor-661\" data-elementor-post-type=\"page\">\n\t\t\t\t<div class=\"elementor-element elementor-element-509d8b6 e-con-full e-flex e-con e-parent\" data-id=\"509d8b6\" data-element_type=\"container\" data-e-type=\"container\">\n\t\t\t\t<div class=\"elementor-element elementor-element-ca52555 elementor-widget elementor-widget-text-editor\" data-id=\"ca52555\" data-element_type=\"widget\" data-e-type=\"widget\" data-widget_type=\"text-editor.default\">\n\t\t\t\t<div class=\"elementor-widget-container\">\n\t\t\t\t\t\t\t\t\t<h1>Datenschutzrichtlinie von Munya Studio<\/h1><br><p><strong>Letzte Aktualisierung: 18.03.2024<\/strong><\/p><br><p>Willkommen bei Munya Studio (im Folgenden &#8222;wir&#8220;, &#8222;uns&#8220; oder &#8222;unser&#8220;). Munya Studio respektiert die Privatsph\u00e4re unserer Benutzer (im Folgenden &#8222;Benutzer&#8220; oder &#8222;du&#8220;). Diese Datenschutzrichtlinie erl\u00e4utert, wie wir deine Informationen sammeln, verwenden, weitergeben und sch\u00fctzen, wenn du unsere Website <a href=\"https:\/\/munya.studio\/\" target=\"_new\">munya.studio<\/a> besuchst, einschlie\u00dflich aller anderen damit verbundenen oder verkn\u00fcpften mobilen oder anderen Websites oder Anwendungen. Bitte lies diese Datenschutzrichtlinie sorgf\u00e4ltig durch. WENN DU NICHT MIT DEN BEDINGUNGEN DIESER DATENSCHUTZRICHTLINIE EINVERSTANDEN BIST, GEHE BITTE NICHT AUF DIE WEBSITE.<\/p><br><p>Wir behalten uns das Recht vor, diese Datenschutzrichtlinie jederzeit aus jedem Grund zu \u00e4ndern. Wir werden dich \u00fcber jede \u00c4nderung auf dem Laufenden halten, indem wir das &#8222;Letzte Aktualisierung&#8220;-Datum dieser Datenschutzrichtlinie aktualisieren. Wir empfehlen dir, diese Datenschutzrichtlinie regelm\u00e4\u00dfig zu \u00fcberpr\u00fcfen, um \u00fcber unsere Updates informiert zu bleiben.<\/p><br><h2>Informationen, die wir sammeln<\/h2><br><h3>Personenbezogene Informationen<\/h3><br><p>Personenbezogene Informationen, die du uns freiwillig zur Verf\u00fcgung stellst, wenn du dich auf unserer Website registrierst, einschlie\u00dflich, aber nicht beschr\u00e4nkt auf deinen Namen, deine E-Mail-Adresse, deine Telefonnummer und Zahlungsinformationen.<\/p><br><h3>Abgeleitete Informationen<\/h3><br><p>Informationen \u00fcber dein mobiles Ger\u00e4t oder deinen Computer, die automatisch erfasst werden, wenn du auf die Website zugreifst, wie deine IP-Adresse, Browserdetails und Navigationspr\u00e4ferenzen.<\/p><br><h2>Verwendung von Informationen<\/h2><br><p>Wir verwenden die von dir gesammelten Informationen, um unsere Website zu betreiben, dein Surferlebnis zu verbessern und mit dir in Bezug auf dein Konto oder unsere Dienstleistungen zu kommunizieren. Dies kann das Senden von E-Mails, Werbeangeboten oder Benachrichtigungen \u00fcber neue Richtlinien umfassen.<\/p><br><h2>Weitergabe von Informationen<\/h2><br><p>Deine Informationen werden nicht an Dritte weitergegeben, es sei denn, dies wird in dieser Datenschutzrichtlinie beschrieben. Wir k\u00f6nnen deine Informationen mit Dienstleistern teilen, die uns bei unseren Operationen unterst\u00fctzen, sofern sie an diese Datenschutzrichtlinie gebunden sind.<\/p><br><h2>Sicherheit von Informationen<\/h2><br><p>Munya Studio ergreift angemessene Ma\u00dfnahmen zum Schutz deiner personenbezogenen Daten vor Verlust, Diebstahl und unbefugter Nutzung, Offenlegung oder \u00c4nderung. Keine Sicherheitsma\u00dfnahme ist jedoch unfehlbar.<\/p><br><h2>Datenschutzrechte<\/h2><br><p>Wir bieten dir das Recht, Zugang, Berichtigung oder L\u00f6schung deiner personenbezogenen Daten zu beantragen. Du hast je nach Gerichtsbarkeit m\u00f6glicherweise zus\u00e4tzliche Rechte.<\/p><br><h2>Kontakt<\/h2><br><p>Wenn du Fragen oder Kommentare zu dieser Datenschutzrichtlinie hast, kontaktiere uns bitte unter: info@munya.studio<\/p>\t\t\t\t\t\t\t\t<\/div>\n\t\t\t\t<\/div>\n\t\t\t\t<\/div>\n\t\t\t\t<\/div>\n\t\t","protected":false},"excerpt":{"rendered":"<p>Datenschutzrichtlinie von Munya Studio Letzte Aktualisierung: 18.03.2024 Willkommen bei Munya Studio (im Folgenden &#8222;wir&#8220;, &#8222;uns&#8220; oder &#8222;unser&#8220;). Munya Studio respektiert die Privatsph\u00e4re unserer Benutzer (im Folgenden &#8222;Benutzer&#8220; oder &#8222;du&#8220;). Diese Datenschutzrichtlinie erl\u00e4utert, wie wir deine Informationen sammeln, verwenden, weitergeben und sch\u00fctzen, wenn du unsere Website munya.studio besuchst, einschlie\u00dflich aller anderen damit verbundenen oder verkn\u00fcpften mobilen [&hellip;]<\/p>\n","protected":false},"author":1,"featured_media":0,"parent":0,"menu_order":0,"comment_status":"closed","ping_status":"closed","template":"elementor_header_footer","meta":{"_acf_changed":false,"footnotes":""},"class_list":["post-689","page","type-page","status-publish","hentry"],"acf":[],"_links":{"self":[{"href":"https:\/\/munya.studio\/de\/wp-json\/wp\/v2\/pages\/689","targetHints":{"allow":["GET"]}}],"collection":[{"href":"https:\/\/munya.studio\/de\/wp-json\/wp\/v2\/pages"}],"about":[{"href":"https:\/\/munya.studio\/de\/wp-json\/wp\/v2\/types\/page"}],"author":[{"embeddable":true,"href":"https:\/\/munya.studio\/de\/wp-json\/wp\/v2\/users\/1"}],"replies":[{"embeddable":true,"href":"https:\/\/munya.studio\/de\/wp-json\/wp\/v2\/comments?post=689"}],"version-history":[{"count":0,"href":"https:\/\/munya.studio\/de\/wp-json\/wp\/v2\/pages\/689\/revisions"}],"wp:attachment":[{"href":"https:\/\/munya.studio\/de\/wp-json\/wp\/v2\/media?parent=689"}],"curies":[{"name":"wp","href":"https:\/\/api.w.org\/{rel}","templated":true}]}}