{"id":691,"date":"2024-03-18T19:43:28","date_gmt":"2024-03-18T19:43:28","guid":{"rendered":"http:\/\/munya.studio\/aviso-legal\/"},"modified":"2024-03-18T20:07:29","modified_gmt":"2024-03-18T20:07:29","slug":"rechtlicher-hinweis","status":"publish","type":"page","link":"https:\/\/munya.studio\/de\/rechtlicher-hinweis\/","title":{"rendered":"Rechtlicher Hinweis"},"content":{"rendered":"\t\t<div data-elementor-type=\"wp-page\" data-elementor-id=\"691\" class=\"elementor elementor-691 elementor-671\" data-elementor-post-type=\"page\">\n\t\t\t\t<div class=\"elementor-element elementor-element-509d8b6 e-con-full e-flex e-con e-parent\" data-id=\"509d8b6\" data-element_type=\"container\" data-e-type=\"container\">\n\t\t\t\t<div class=\"elementor-element elementor-element-ca52555 elementor-widget elementor-widget-text-editor\" data-id=\"ca52555\" data-element_type=\"widget\" data-e-type=\"widget\" data-widget_type=\"text-editor.default\">\n\t\t\t\t<div class=\"elementor-widget-container\">\n\t\t\t\t\t\t\t\t\t<h1>Rechtliche Hinweise von Munya Studio<\/h1><br><p><strong>Letzte Aktualisierung: 18.03.2024<\/strong><\/p><br><p>Willkommen auf munya.studio (nachfolgend &#8222;Website&#8220;), im Besitz und betrieben von Munya Studio. Durch den Zugriff und die Nutzung dieser Website akzeptieren Sie die in diesem Haftungsausschluss festgelegten Bedingungen sowie alle geltenden Gesetze. Wenn Sie mit einer dieser Bedingungen nicht einverstanden sind, verwenden Sie bitte diese Website nicht.<\/p><br><h2>Geistiges Eigentum<\/h2><br><p>Alle auf der Website ver\u00f6ffentlichten Inhalte, einschlie\u00dflich, aber nicht beschr\u00e4nkt auf Texte, Grafiken, Logos, Schaltfl\u00e4chensymbole, Bilder, Audioclips, digitale Downloads, Datensammlungen und Software, sind Eigentum von Munya Studio oder seinen Inhaltelieferanten und durch internationale Urheberrechts- und Markenschutzgesetze gesch\u00fctzt. Die Zusammenstellung aller Inhalte auf dieser Website ist das ausschlie\u00dfliche Eigentum von Munya Studio und durch internationale Urheberrechts gesetze gesch\u00fctzt.<\/p><br><h2>Websitenutzung<\/h2><br><p>Munya Studio gew\u00e4hrt Ihnen eine beschr\u00e4nkte Lizenz zur pers\u00f6nlichen Nutzung der Website und nicht zum Herunterladen (au\u00dfer zur Seitenzwischenspeicherung) oder zur \u00c4nderung oder einem Teil davon, au\u00dfer mit ausdr\u00fccklicher schriftlicher Zustimmung von Munya Studio. Diese Lizenz beinhaltet keinen Weiterverkauf oder kommerzielle Nutzung der Website oder ihres Inhalts; Jede Verwendung jeglicher Produktlisten, Beschreibungen oder Preise; Jede abgeleitete Verwendung der Website oder ihres Inhalts; Jeder Download oder jede Kopie von Kontoinformationen zum Nutzen eines anderen H\u00e4ndlers; oder jede Verwendung von Datamining, Robotern oder \u00e4hnlichen Datensammlungs- und Extraktionswerkzeugen.<\/p><br><h2>Drittlinks<\/h2><br><p>Diese Website kann Links zu Websites enthalten, die von Dritten betrieben werden. Diese Links werden Ihnen zur Verf\u00fcgung gestellt, damit Sie bequem auf sie zugreifen k\u00f6nnen, und bedeuten nicht, dass Munya Studio diese Websites unterst\u00fctzt. Munya Studio hat keine Kontrolle \u00fcber diese Websites und ist nicht verantwortlich f\u00fcr deren Inhalt oder Datenschutz- oder Praktiken anderer Websites.<\/p><br><h2>Haftungsbeschr\u00e4nkung<\/h2><br><p>Munya Studio garantiert nicht, dass die Website, ihre Server oder E-Mails, die von munya.studio gesendet werden, frei von Viren oder anderen sch\u00e4dlichen Komponenten sind. Munya Studio haftet nicht f\u00fcr Sch\u00e4den jeglicher Art, die durch die Nutzung der Website entstehen, einschlie\u00dflich, aber nicht beschr\u00e4nkt auf direkte, indirekte, zuf\u00e4llige, strafende und Folgesch\u00e4den.<\/p><br><h2>\u00c4nderungen an den rechtlichen Hinweisen<\/h2><br><p>Munya Studio beh\u00e4lt sich das Recht vor, \u00c4nderungen an der Website, den Richtlinien und diesen Bedingungen zu jeder Zeit vorzunehmen. Sollte eine dieser Bedingungen als ung\u00fcltig, nichtig oder aus irgendeinem Grund nicht durchsetzbar erachtet werden, wird diese Bedingung als trennbar betrachtet und hat keinen Einfluss auf die G\u00fcltigkeit und Durchsetzbarkeit der verbleibenden Bedingungen.<\/p><br><h2>Geltendes Recht und Gerichtsstand<\/h2><br><p>Dieser Haftungsausschluss unterliegt den Gesetzen des Landes, in dem Munya Studio t\u00e4tig ist, und wird entsprechend interpretiert, ohne dass Grunds\u00e4tze des Kollisionsrechts Anwendung finden.<\/p><br><h2>Kontakt<\/h2><br><p>Bei Fragen zu diesem Haftungsausschluss wenden Sie sich bitte an: info@munya.studio<\/p>\t\t\t\t\t\t\t\t<\/div>\n\t\t\t\t<\/div>\n\t\t\t\t<\/div>\n\t\t\t\t<\/div>\n\t\t","protected":false},"excerpt":{"rendered":"<p>Rechtliche Hinweise von Munya Studio Letzte Aktualisierung: 18.03.2024 Willkommen auf munya.studio (nachfolgend &#8222;Website&#8220;), im Besitz und betrieben von Munya Studio. Durch den Zugriff und die Nutzung dieser Website akzeptieren Sie die in diesem Haftungsausschluss festgelegten Bedingungen sowie alle geltenden Gesetze. Wenn Sie mit einer dieser Bedingungen nicht einverstanden sind, verwenden Sie bitte diese Website nicht. [&hellip;]<\/p>\n","protected":false},"author":1,"featured_media":0,"parent":0,"menu_order":0,"comment_status":"closed","ping_status":"closed","template":"elementor_header_footer","meta":{"_acf_changed":false,"footnotes":""},"class_list":["post-691","page","type-page","status-publish","hentry"],"acf":[],"_links":{"self":[{"href":"https:\/\/munya.studio\/de\/wp-json\/wp\/v2\/pages\/691","targetHints":{"allow":["GET"]}}],"collection":[{"href":"https:\/\/munya.studio\/de\/wp-json\/wp\/v2\/pages"}],"about":[{"href":"https:\/\/munya.studio\/de\/wp-json\/wp\/v2\/types\/page"}],"author":[{"embeddable":true,"href":"https:\/\/munya.studio\/de\/wp-json\/wp\/v2\/users\/1"}],"replies":[{"embeddable":true,"href":"https:\/\/munya.studio\/de\/wp-json\/wp\/v2\/comments?post=691"}],"version-history":[{"count":0,"href":"https:\/\/munya.studio\/de\/wp-json\/wp\/v2\/pages\/691\/revisions"}],"wp:attachment":[{"href":"https:\/\/munya.studio\/de\/wp-json\/wp\/v2\/media?parent=691"}],"curies":[{"name":"wp","href":"https:\/\/api.w.org\/{rel}","templated":true}]}}